{"id":83,"date":"2022-07-27T14:11:51","date_gmt":"2022-07-27T14:11:51","guid":{"rendered":"https:\/\/acceleramed.pt\/?page_id=83"},"modified":"2023-10-25T10:23:04","modified_gmt":"2023-10-25T10:23:04","slug":"inicio","status":"publish","type":"page","link":"https:\/\/acceleramed.pt\/","title":{"rendered":"ACCELERAMED"},"content":{"rendered":"\n<h2 class=\"wp-block-heading alignwide has-text-align-left has-white-background-color has-text-color has-background has-medium-font-size\" style=\"color:#a9c322;font-style:normal;font-weight:400;text-transform:none\">Acelerador de Transfer\u00eancia de Tecnologia e Resultados de I&amp;D na \u00e1rea das Ci\u00eancias da Sa\u00fade e da Vida<\/h2>\n\n\n<div class=\"wp-block-image is-resized\">\n<figure class=\"aligncenter size-full\"><img loading=\"lazy\" decoding=\"async\" width=\"612\" height=\"298\" src=\"https:\/\/acceleramed.pt\/wp-content\/uploads\/2022\/11\/acc.jpeg\" alt=\"\" class=\"wp-image-226\" srcset=\"https:\/\/acceleramed.pt\/wp-content\/uploads\/2022\/11\/acc.jpeg 612w, https:\/\/acceleramed.pt\/wp-content\/uploads\/2022\/11\/acc-300x146.jpeg 300w\" sizes=\"auto, (max-width: 612px) 100vw, 612px\" \/><\/figure>\n<\/div>\n\n\n<div style=\"height:57px\" aria-hidden=\"true\" class=\"wp-block-spacer\"><\/div>\n\n\n\n<h4 class=\"wp-block-heading has-text-align-center has-text-color\" style=\"color:#505f63\">Atividades<\/h4>\n\n\n\n<h2 class=\"wp-block-heading has-text-align-center has-text-color\" style=\"color:#acc622\">Inqu\u00e9rito empresas<\/h2>\n\n\n\n<div style=\"height:12px\" aria-hidden=\"true\" class=\"wp-block-spacer\"><\/div>\n\n\n\n<div class=\"wp-block-buttons alignwide is-content-justification-center is-layout-flex wp-container-core-buttons-is-layout-16018d1d wp-block-buttons-is-layout-flex\">\n<div class=\"wp-block-button has-custom-font-size has-small-font-size\"><a class=\"wp-block-button__link has-background wp-element-button\" href=\"https:\/\/acceleramed.pt\/?page_id=377\" style=\"background-color:#acc622\">Submeter<\/a><\/div>\n<\/div>\n\n\n\n<div style=\"height:50px\" aria-hidden=\"true\" class=\"wp-block-spacer\"><\/div>\n\n\n\n<h2 class=\"wp-block-heading has-text-align-center has-text-color\" style=\"color:#acc622\">Estudo de matching tecnol\u00f3gico<\/h2>\n\n\n\n<div style=\"height:12px\" aria-hidden=\"true\" class=\"wp-block-spacer\"><\/div>\n\n\n\n<div class=\"wp-block-buttons alignwide is-content-justification-center is-layout-flex wp-container-core-buttons-is-layout-16018d1d wp-block-buttons-is-layout-flex\">\n<div class=\"wp-block-button has-custom-font-size has-small-font-size\"><a class=\"wp-block-button__link has-background wp-element-button\" href=\"https:\/\/acceleramed.pt\/?page_id=643\" style=\"background-color:#acc622\">Consultar<\/a><\/div>\n<\/div>\n\n\n\n<div style=\"height:12px\" aria-hidden=\"true\" class=\"wp-block-spacer\"><\/div>\n","protected":false},"excerpt":{"rendered":"<p>Acelerador de Transfer\u00eancia de Tecnologia e Resultados de I&amp;D na \u00e1rea das Ci\u00eancias da Sa\u00fade e da Vida Atividades Inqu\u00e9rito empresas Estudo de matching tecnol\u00f3gico<\/p>\n","protected":false},"author":1,"featured_media":75,"parent":0,"menu_order":0,"comment_status":"closed","ping_status":"closed","template":"","meta":{"footnotes":""},"class_list":["post-83","page","type-page","status-publish","has-post-thumbnail","hentry"],"_links":{"self":[{"href":"https:\/\/acceleramed.pt\/index.php?rest_route=\/wp\/v2\/pages\/83","targetHints":{"allow":["GET"]}}],"collection":[{"href":"https:\/\/acceleramed.pt\/index.php?rest_route=\/wp\/v2\/pages"}],"about":[{"href":"https:\/\/acceleramed.pt\/index.php?rest_route=\/wp\/v2\/types\/page"}],"author":[{"embeddable":true,"href":"https:\/\/acceleramed.pt\/index.php?rest_route=\/wp\/v2\/users\/1"}],"replies":[{"embeddable":true,"href":"https:\/\/acceleramed.pt\/index.php?rest_route=%2Fwp%2Fv2%2Fcomments&post=83"}],"version-history":[{"count":28,"href":"https:\/\/acceleramed.pt\/index.php?rest_route=\/wp\/v2\/pages\/83\/revisions"}],"predecessor-version":[{"id":663,"href":"https:\/\/acceleramed.pt\/index.php?rest_route=\/wp\/v2\/pages\/83\/revisions\/663"}],"wp:featuredmedia":[{"embeddable":true,"href":"https:\/\/acceleramed.pt\/index.php?rest_route=\/wp\/v2\/media\/75"}],"wp:attachment":[{"href":"https:\/\/acceleramed.pt\/index.php?rest_route=%2Fwp%2Fv2%2Fmedia&parent=83"}],"curies":[{"name":"wp","href":"https:\/\/api.w.org\/{rel}","templated":true}]}}